{"id":684,"date":"2015-01-17T19:46:55","date_gmt":"2015-01-17T19:46:55","guid":{"rendered":"http:\/\/www.eundg.ch\/innen-architekt\/?page_id=684"},"modified":"2026-01-16T11:37:39","modified_gmt":"2026-01-16T11:37:39","slug":"bueroatelier","status":"publish","type":"page","link":"https:\/\/www.eundg.ch\/innen-architekt\/bueroatelier\/","title":{"rendered":"B\u00fcroatelier"},"content":{"rendered":"\n<p class=\"is-style-default has-large-font-size\"><strong>e<\/strong>und<strong>g<\/strong> &#8220;einfach und gut&#8221; ist 1991 aus einer Schreinerei mit eigenem Innenarchitekturb\u00fcro im Werkraum Warteck mit Partner Hanno Schwarz in Basel entstanden. 2004 wurde der zu sieben Mitarbeiter:Innen angewachsene Betrieb mit einem Planungsb\u00fcro in Scuol im Unterengadin erg\u00e4nzt.<br>Heute leitet Markus Egger in einem freien Netzwerk das B\u00fcro im Unterengadin, welches auf Umbauten spezialisiert ist.<\/p>\n\n\n\n<figure class=\"wp-block-image size-large\" style=\"margin-top:var(--wp--preset--spacing--70);margin-bottom:var(--wp--preset--spacing--70)\"><img loading=\"lazy\" decoding=\"async\" width=\"1024\" height=\"722\" src=\"https:\/\/www.eundg.ch\/innen-architekt\/wp-content\/uploads\/2021\/04\/IMG_2184-1024x722.jpg\" alt=\"\" class=\"wp-image-1255\" srcset=\"https:\/\/www.eundg.ch\/innen-architekt\/wp-content\/uploads\/2021\/04\/IMG_2184-1024x722.jpg 1024w, https:\/\/www.eundg.ch\/innen-architekt\/wp-content\/uploads\/2021\/04\/IMG_2184-300x212.jpg 300w, https:\/\/www.eundg.ch\/innen-architekt\/wp-content\/uploads\/2021\/04\/IMG_2184-768x542.jpg 768w, https:\/\/www.eundg.ch\/innen-architekt\/wp-content\/uploads\/2021\/04\/IMG_2184-1600x1128.jpg 1600w, https:\/\/www.eundg.ch\/innen-architekt\/wp-content\/uploads\/2021\/04\/IMG_2184-1536x1083.jpg 1536w, https:\/\/www.eundg.ch\/innen-architekt\/wp-content\/uploads\/2021\/04\/IMG_2184-624x440.jpg 624w, https:\/\/www.eundg.ch\/innen-architekt\/wp-content\/uploads\/2021\/04\/IMG_2184.jpg 1815w\" sizes=\"auto, (max-width: 1024px) 100vw, 1024px\" \/><\/figure>\n\n\n\n<figure class=\"wp-block-image size-large\" style=\"margin-top:var(--wp--preset--spacing--70);margin-bottom:var(--wp--preset--spacing--70)\"><img loading=\"lazy\" decoding=\"async\" width=\"1024\" height=\"768\" src=\"https:\/\/www.eundg.ch\/innen-architekt\/wp-content\/uploads\/2021\/04\/Modellbau-1024x768.jpg\" alt=\"\" class=\"wp-image-1256\" srcset=\"https:\/\/www.eundg.ch\/innen-architekt\/wp-content\/uploads\/2021\/04\/Modellbau-1024x768.jpg 1024w, https:\/\/www.eundg.ch\/innen-architekt\/wp-content\/uploads\/2021\/04\/Modellbau-300x225.jpg 300w, https:\/\/www.eundg.ch\/innen-architekt\/wp-content\/uploads\/2021\/04\/Modellbau-768x576.jpg 768w, https:\/\/www.eundg.ch\/innen-architekt\/wp-content\/uploads\/2021\/04\/Modellbau-1600x1200.jpg 1600w, https:\/\/www.eundg.ch\/innen-architekt\/wp-content\/uploads\/2021\/04\/Modellbau-1536x1152.jpg 1536w, https:\/\/www.eundg.ch\/innen-architekt\/wp-content\/uploads\/2021\/04\/Modellbau-624x468.jpg 624w, https:\/\/www.eundg.ch\/innen-architekt\/wp-content\/uploads\/2021\/04\/Modellbau.jpg 1707w\" sizes=\"auto, (max-width: 1024px) 100vw, 1024px\" \/><\/figure>\n\n\n\n<figure class=\"wp-block-image size-large\" style=\"margin-top:var(--wp--preset--spacing--70);margin-bottom:var(--wp--preset--spacing--70)\"><img loading=\"lazy\" decoding=\"async\" width=\"772\" height=\"1024\" src=\"https:\/\/www.eundg.ch\/innen-architekt\/wp-content\/uploads\/2023\/09\/Bauarbeiter-772x1024.jpg\" alt=\"\" class=\"wp-image-1513\" srcset=\"https:\/\/www.eundg.ch\/innen-architekt\/wp-content\/uploads\/2023\/09\/Bauarbeiter-772x1024.jpg 772w, https:\/\/www.eundg.ch\/innen-architekt\/wp-content\/uploads\/2023\/09\/Bauarbeiter-226x300.jpg 226w, https:\/\/www.eundg.ch\/innen-architekt\/wp-content\/uploads\/2023\/09\/Bauarbeiter-768x1018.jpg 768w, https:\/\/www.eundg.ch\/innen-architekt\/wp-content\/uploads\/2023\/09\/Bauarbeiter-1159x1536.jpg 1159w, https:\/\/www.eundg.ch\/innen-architekt\/wp-content\/uploads\/2023\/09\/Bauarbeiter-624x827.jpg 624w, https:\/\/www.eundg.ch\/innen-architekt\/wp-content\/uploads\/2023\/09\/Bauarbeiter.jpg 1179w\" sizes=\"auto, (max-width: 772px) 100vw, 772px\" \/><\/figure>\n","protected":false},"excerpt":{"rendered":"<p>eundg &#8220;einfach und gut&#8221; ist 1991 aus einer Schreinerei mit eigenem Innenarchitekturb\u00fcro im Werkraum Warteck mit Partner Hanno Schwarz in Basel entstanden. 2004 wurde der zu sieben Mitarbeiter:Innen angewachsene Betrieb mit einem Planungsb\u00fcro in Scuol im Unterengadin erg\u00e4nzt.Heute leitet Markus Egger in einem freien Netzwerk das B\u00fcro im Unterengadin, welches auf Umbauten spezialisiert ist.<\/p>\n","protected":false},"author":2,"featured_media":0,"parent":0,"menu_order":0,"comment_status":"closed","ping_status":"closed","template":"","meta":{"footnotes":""},"class_list":["post-684","page","type-page","status-publish","hentry"],"yoast_head":"<!-- This site is optimized with the Yoast SEO plugin v27.4 - https:\/\/yoast.com\/product\/yoast-seo-wordpress\/ -->\n<title>B\u00fcroatelier - eundg<\/title>\n<meta name=\"description\" content=\"In diesen tollen R\u00e4umlichkeiten des ehemaligen Schulhauses von Lavin, k\u00f6nnen sich Gedanken wunderbar materialisieren lassen.\" \/>\n<meta name=\"robots\" content=\"index, follow, max-snippet:-1, max-image-preview:large, max-video-preview:-1\" \/>\n<link rel=\"canonical\" href=\"https:\/\/www.eundg.ch\/innen-architekt\/bueroatelier\/\" \/>\n<meta property=\"og:locale\" content=\"en_US\" \/>\n<meta property=\"og:type\" content=\"article\" \/>\n<meta property=\"og:title\" content=\"B\u00fcroatelier - eundg\" \/>\n<meta property=\"og:description\" content=\"In diesen tollen R\u00e4umlichkeiten des ehemaligen Schulhauses von Lavin, k\u00f6nnen sich Gedanken wunderbar materialisieren lassen.\" \/>\n<meta property=\"og:url\" content=\"https:\/\/www.eundg.ch\/innen-architekt\/bueroatelier\/\" \/>\n<meta property=\"og:site_name\" content=\"eundg\" \/>\n<meta property=\"article:modified_time\" content=\"2026-01-16T11:37:39+00:00\" \/>\n<meta property=\"og:image\" content=\"https:\/\/www.eundg.ch\/innen-architekt\/wp-content\/uploads\/2021\/04\/IMG_2184-1024x722.jpg\" \/>\n<meta name=\"twitter:card\" content=\"summary_large_image\" \/>\n<meta name=\"twitter:label1\" content=\"Est. reading time\" \/>\n\t<meta name=\"twitter:data1\" content=\"1 minute\" \/>\n<script type=\"application\/ld+json\" class=\"yoast-schema-graph\">{\"@context\":\"https:\\\/\\\/schema.org\",\"@graph\":[{\"@type\":\"WebPage\",\"@id\":\"https:\\\/\\\/www.eundg.ch\\\/innen-architekt\\\/bueroatelier\\\/\",\"url\":\"https:\\\/\\\/www.eundg.ch\\\/innen-architekt\\\/bueroatelier\\\/\",\"name\":\"B\u00fcroatelier - eundg\",\"isPartOf\":{\"@id\":\"https:\\\/\\\/www.eundg.ch\\\/innen-architekt\\\/#website\"},\"primaryImageOfPage\":{\"@id\":\"https:\\\/\\\/www.eundg.ch\\\/innen-architekt\\\/bueroatelier\\\/#primaryimage\"},\"image\":{\"@id\":\"https:\\\/\\\/www.eundg.ch\\\/innen-architekt\\\/bueroatelier\\\/#primaryimage\"},\"thumbnailUrl\":\"https:\\\/\\\/www.eundg.ch\\\/innen-architekt\\\/wp-content\\\/uploads\\\/2021\\\/04\\\/IMG_2184-1024x722.jpg\",\"datePublished\":\"2015-01-17T19:46:55+00:00\",\"dateModified\":\"2026-01-16T11:37:39+00:00\",\"description\":\"In diesen tollen R\u00e4umlichkeiten des ehemaligen Schulhauses von Lavin, k\u00f6nnen sich Gedanken wunderbar materialisieren lassen.\",\"breadcrumb\":{\"@id\":\"https:\\\/\\\/www.eundg.ch\\\/innen-architekt\\\/bueroatelier\\\/#breadcrumb\"},\"inLanguage\":\"en-US\",\"potentialAction\":[{\"@type\":\"ReadAction\",\"target\":[\"https:\\\/\\\/www.eundg.ch\\\/innen-architekt\\\/bueroatelier\\\/\"]}]},{\"@type\":\"ImageObject\",\"inLanguage\":\"en-US\",\"@id\":\"https:\\\/\\\/www.eundg.ch\\\/innen-architekt\\\/bueroatelier\\\/#primaryimage\",\"url\":\"https:\\\/\\\/www.eundg.ch\\\/innen-architekt\\\/wp-content\\\/uploads\\\/2021\\\/04\\\/IMG_2184.jpg\",\"contentUrl\":\"https:\\\/\\\/www.eundg.ch\\\/innen-architekt\\\/wp-content\\\/uploads\\\/2021\\\/04\\\/IMG_2184.jpg\",\"width\":1815,\"height\":1280},{\"@type\":\"BreadcrumbList\",\"@id\":\"https:\\\/\\\/www.eundg.ch\\\/innen-architekt\\\/bueroatelier\\\/#breadcrumb\",\"itemListElement\":[{\"@type\":\"ListItem\",\"position\":1,\"name\":\"Start\",\"item\":\"https:\\\/\\\/www.eundg.ch\\\/innen-architekt\\\/\"},{\"@type\":\"ListItem\",\"position\":2,\"name\":\"B\u00fcroatelier\"}]},{\"@type\":\"WebSite\",\"@id\":\"https:\\\/\\\/www.eundg.ch\\\/innen-architekt\\\/#website\",\"url\":\"https:\\\/\\\/www.eundg.ch\\\/innen-architekt\\\/\",\"name\":\"eundg\",\"description\":\"Umbauen im Bestand\",\"publisher\":{\"@id\":\"https:\\\/\\\/www.eundg.ch\\\/innen-architekt\\\/#organization\"},\"potentialAction\":[{\"@type\":\"SearchAction\",\"target\":{\"@type\":\"EntryPoint\",\"urlTemplate\":\"https:\\\/\\\/www.eundg.ch\\\/innen-architekt\\\/?s={search_term_string}\"},\"query-input\":{\"@type\":\"PropertyValueSpecification\",\"valueRequired\":true,\"valueName\":\"search_term_string\"}}],\"inLanguage\":\"en-US\"},{\"@type\":\"Organization\",\"@id\":\"https:\\\/\\\/www.eundg.ch\\\/innen-architekt\\\/#organization\",\"name\":\"eundg\",\"url\":\"https:\\\/\\\/www.eundg.ch\\\/innen-architekt\\\/\",\"logo\":{\"@type\":\"ImageObject\",\"inLanguage\":\"en-US\",\"@id\":\"https:\\\/\\\/www.eundg.ch\\\/innen-architekt\\\/#\\\/schema\\\/logo\\\/image\\\/\",\"url\":\"https:\\\/\\\/www.eundg.ch\\\/innen-architekt\\\/wp-content\\\/uploads\\\/2025\\\/01\\\/Header-eundg-e1737406698453.jpg\",\"contentUrl\":\"https:\\\/\\\/www.eundg.ch\\\/innen-architekt\\\/wp-content\\\/uploads\\\/2025\\\/01\\\/Header-eundg-e1737406698453.jpg\",\"width\":158,\"height\":48,\"caption\":\"eundg\"},\"image\":{\"@id\":\"https:\\\/\\\/www.eundg.ch\\\/innen-architekt\\\/#\\\/schema\\\/logo\\\/image\\\/\"}}]}<\/script>\n<!-- \/ Yoast SEO plugin. -->","yoast_head_json":{"title":"B\u00fcroatelier - eundg","description":"In diesen tollen R\u00e4umlichkeiten des ehemaligen Schulhauses von Lavin, k\u00f6nnen sich Gedanken wunderbar materialisieren lassen.","robots":{"index":"index","follow":"follow","max-snippet":"max-snippet:-1","max-image-preview":"max-image-preview:large","max-video-preview":"max-video-preview:-1"},"canonical":"https:\/\/www.eundg.ch\/innen-architekt\/bueroatelier\/","og_locale":"en_US","og_type":"article","og_title":"B\u00fcroatelier - eundg","og_description":"In diesen tollen R\u00e4umlichkeiten des ehemaligen Schulhauses von Lavin, k\u00f6nnen sich Gedanken wunderbar materialisieren lassen.","og_url":"https:\/\/www.eundg.ch\/innen-architekt\/bueroatelier\/","og_site_name":"eundg","article_modified_time":"2026-01-16T11:37:39+00:00","og_image":[{"url":"https:\/\/www.eundg.ch\/innen-architekt\/wp-content\/uploads\/2021\/04\/IMG_2184-1024x722.jpg","type":"","width":"","height":""}],"twitter_card":"summary_large_image","twitter_misc":{"Est. reading time":"1 minute"},"schema":{"@context":"https:\/\/schema.org","@graph":[{"@type":"WebPage","@id":"https:\/\/www.eundg.ch\/innen-architekt\/bueroatelier\/","url":"https:\/\/www.eundg.ch\/innen-architekt\/bueroatelier\/","name":"B\u00fcroatelier - eundg","isPartOf":{"@id":"https:\/\/www.eundg.ch\/innen-architekt\/#website"},"primaryImageOfPage":{"@id":"https:\/\/www.eundg.ch\/innen-architekt\/bueroatelier\/#primaryimage"},"image":{"@id":"https:\/\/www.eundg.ch\/innen-architekt\/bueroatelier\/#primaryimage"},"thumbnailUrl":"https:\/\/www.eundg.ch\/innen-architekt\/wp-content\/uploads\/2021\/04\/IMG_2184-1024x722.jpg","datePublished":"2015-01-17T19:46:55+00:00","dateModified":"2026-01-16T11:37:39+00:00","description":"In diesen tollen R\u00e4umlichkeiten des ehemaligen Schulhauses von Lavin, k\u00f6nnen sich Gedanken wunderbar materialisieren lassen.","breadcrumb":{"@id":"https:\/\/www.eundg.ch\/innen-architekt\/bueroatelier\/#breadcrumb"},"inLanguage":"en-US","potentialAction":[{"@type":"ReadAction","target":["https:\/\/www.eundg.ch\/innen-architekt\/bueroatelier\/"]}]},{"@type":"ImageObject","inLanguage":"en-US","@id":"https:\/\/www.eundg.ch\/innen-architekt\/bueroatelier\/#primaryimage","url":"https:\/\/www.eundg.ch\/innen-architekt\/wp-content\/uploads\/2021\/04\/IMG_2184.jpg","contentUrl":"https:\/\/www.eundg.ch\/innen-architekt\/wp-content\/uploads\/2021\/04\/IMG_2184.jpg","width":1815,"height":1280},{"@type":"BreadcrumbList","@id":"https:\/\/www.eundg.ch\/innen-architekt\/bueroatelier\/#breadcrumb","itemListElement":[{"@type":"ListItem","position":1,"name":"Start","item":"https:\/\/www.eundg.ch\/innen-architekt\/"},{"@type":"ListItem","position":2,"name":"B\u00fcroatelier"}]},{"@type":"WebSite","@id":"https:\/\/www.eundg.ch\/innen-architekt\/#website","url":"https:\/\/www.eundg.ch\/innen-architekt\/","name":"eundg","description":"Umbauen im Bestand","publisher":{"@id":"https:\/\/www.eundg.ch\/innen-architekt\/#organization"},"potentialAction":[{"@type":"SearchAction","target":{"@type":"EntryPoint","urlTemplate":"https:\/\/www.eundg.ch\/innen-architekt\/?s={search_term_string}"},"query-input":{"@type":"PropertyValueSpecification","valueRequired":true,"valueName":"search_term_string"}}],"inLanguage":"en-US"},{"@type":"Organization","@id":"https:\/\/www.eundg.ch\/innen-architekt\/#organization","name":"eundg","url":"https:\/\/www.eundg.ch\/innen-architekt\/","logo":{"@type":"ImageObject","inLanguage":"en-US","@id":"https:\/\/www.eundg.ch\/innen-architekt\/#\/schema\/logo\/image\/","url":"https:\/\/www.eundg.ch\/innen-architekt\/wp-content\/uploads\/2025\/01\/Header-eundg-e1737406698453.jpg","contentUrl":"https:\/\/www.eundg.ch\/innen-architekt\/wp-content\/uploads\/2025\/01\/Header-eundg-e1737406698453.jpg","width":158,"height":48,"caption":"eundg"},"image":{"@id":"https:\/\/www.eundg.ch\/innen-architekt\/#\/schema\/logo\/image\/"}}]}},"_links":{"self":[{"href":"https:\/\/www.eundg.ch\/innen-architekt\/wp-json\/wp\/v2\/pages\/684","targetHints":{"allow":["GET"]}}],"collection":[{"href":"https:\/\/www.eundg.ch\/innen-architekt\/wp-json\/wp\/v2\/pages"}],"about":[{"href":"https:\/\/www.eundg.ch\/innen-architekt\/wp-json\/wp\/v2\/types\/page"}],"author":[{"embeddable":true,"href":"https:\/\/www.eundg.ch\/innen-architekt\/wp-json\/wp\/v2\/users\/2"}],"replies":[{"embeddable":true,"href":"https:\/\/www.eundg.ch\/innen-architekt\/wp-json\/wp\/v2\/comments?post=684"}],"version-history":[{"count":60,"href":"https:\/\/www.eundg.ch\/innen-architekt\/wp-json\/wp\/v2\/pages\/684\/revisions"}],"predecessor-version":[{"id":1867,"href":"https:\/\/www.eundg.ch\/innen-architekt\/wp-json\/wp\/v2\/pages\/684\/revisions\/1867"}],"wp:attachment":[{"href":"https:\/\/www.eundg.ch\/innen-architekt\/wp-json\/wp\/v2\/media?parent=684"}],"curies":[{"name":"wp","href":"https:\/\/api.w.org\/{rel}","templated":true}]}}