{"id":2036,"date":"2025-02-17T13:55:43","date_gmt":"2025-02-17T13:55:43","guid":{"rendered":"https:\/\/www.eundg.ch\/innen-architekt\/?page_id=2036"},"modified":"2026-01-16T11:04:27","modified_gmt":"2026-01-16T11:04:27","slug":"work-in-progress","status":"publish","type":"page","link":"https:\/\/www.eundg.ch\/innen-architekt\/work-in-progress\/","title":{"rendered":"Work in progress"},"content":{"rendered":"\n<p>Ftan<\/p>\n\n\n\n<p>Mit einer neuen Erschliessung zum Stallteil und dem R\u00fcckbau des bestehenden Wohnhauses, werden hier eine grosse, preiswerte Mietwohnung f\u00fcr eine einheimische Familie und zwei Ferienwohnungen an bester Lage in Ftan geschaffen.<\/p>\n\n\n\n<figure class=\"wp-block-image size-large\"><img loading=\"lazy\" decoding=\"async\" width=\"1024\" height=\"715\" src=\"https:\/\/www.eundg.ch\/innen-architekt\/wp-content\/uploads\/2025\/02\/Fensterfront-WHG2--1024x715.jpg\" alt=\"\" class=\"wp-image-2047\" srcset=\"https:\/\/www.eundg.ch\/innen-architekt\/wp-content\/uploads\/2025\/02\/Fensterfront-WHG2--1024x715.jpg 1024w, https:\/\/www.eundg.ch\/innen-architekt\/wp-content\/uploads\/2025\/02\/Fensterfront-WHG2--300x210.jpg 300w, https:\/\/www.eundg.ch\/innen-architekt\/wp-content\/uploads\/2025\/02\/Fensterfront-WHG2--768x536.jpg 768w, https:\/\/www.eundg.ch\/innen-architekt\/wp-content\/uploads\/2025\/02\/Fensterfront-WHG2--50x35.jpg 50w, https:\/\/www.eundg.ch\/innen-architekt\/wp-content\/uploads\/2025\/02\/Fensterfront-WHG2--1600x1118.jpg 1600w, https:\/\/www.eundg.ch\/innen-architekt\/wp-content\/uploads\/2025\/02\/Fensterfront-WHG2--1536x1073.jpg 1536w, https:\/\/www.eundg.ch\/innen-architekt\/wp-content\/uploads\/2025\/02\/Fensterfront-WHG2--2048x1431.jpg 2048w\" sizes=\"auto, (max-width: 1024px) 100vw, 1024px\" \/><\/figure>\n\n\n\n<div style=\"height:100px\" aria-hidden=\"true\" class=\"wp-block-spacer\"><\/div>\n\n\n\n<p>Vn\u00e0<\/p>\n\n\n\n<p>Vn\u00e0 ist die stille K\u00f6nigin im Unterengadin und gleichzeitig Basis f\u00fcr wunderbare Exkursionen aller Art. In einem bis vor kurzer Zeit noch landwirtschaftlich genutztem Heustall, entstehen zwei Mietwohnungen.<\/p>\n\n\n\n<figure class=\"wp-block-image size-large\"><img loading=\"lazy\" decoding=\"async\" width=\"1024\" height=\"715\" src=\"https:\/\/www.eundg.ch\/innen-architekt\/wp-content\/uploads\/2025\/02\/Carpanetti-Suedfassade-Variante2-1024x715.jpg\" alt=\"\" class=\"wp-image-2046\" srcset=\"https:\/\/www.eundg.ch\/innen-architekt\/wp-content\/uploads\/2025\/02\/Carpanetti-Suedfassade-Variante2-1024x715.jpg 1024w, https:\/\/www.eundg.ch\/innen-architekt\/wp-content\/uploads\/2025\/02\/Carpanetti-Suedfassade-Variante2-300x210.jpg 300w, https:\/\/www.eundg.ch\/innen-architekt\/wp-content\/uploads\/2025\/02\/Carpanetti-Suedfassade-Variante2-768x536.jpg 768w, https:\/\/www.eundg.ch\/innen-architekt\/wp-content\/uploads\/2025\/02\/Carpanetti-Suedfassade-Variante2-50x35.jpg 50w, https:\/\/www.eundg.ch\/innen-architekt\/wp-content\/uploads\/2025\/02\/Carpanetti-Suedfassade-Variante2-1600x1118.jpg 1600w, https:\/\/www.eundg.ch\/innen-architekt\/wp-content\/uploads\/2025\/02\/Carpanetti-Suedfassade-Variante2-1536x1073.jpg 1536w, https:\/\/www.eundg.ch\/innen-architekt\/wp-content\/uploads\/2025\/02\/Carpanetti-Suedfassade-Variante2-2048x1431.jpg 2048w\" sizes=\"auto, (max-width: 1024px) 100vw, 1024px\" \/><\/figure>\n\n\n\n<div style=\"height:100px\" aria-hidden=\"true\" class=\"wp-block-spacer\"><\/div>\n\n\n\n<p>Klosters<\/p>\n\n\n\n<p>Die wunderbar gelegene Duplexwohnung steht kurz vor der  Fertigstellung.<\/p>\n\n\n\n<figure class=\"wp-block-image size-large\"><img loading=\"lazy\" decoding=\"async\" width=\"1024\" height=\"636\" src=\"https:\/\/www.eundg.ch\/innen-architekt\/wp-content\/uploads\/2025\/02\/Wohnen-1-1-1024x636.jpg\" alt=\"\" class=\"wp-image-2063\" srcset=\"https:\/\/www.eundg.ch\/innen-architekt\/wp-content\/uploads\/2025\/02\/Wohnen-1-1-1024x636.jpg 1024w, https:\/\/www.eundg.ch\/innen-architekt\/wp-content\/uploads\/2025\/02\/Wohnen-1-1-300x186.jpg 300w, https:\/\/www.eundg.ch\/innen-architekt\/wp-content\/uploads\/2025\/02\/Wohnen-1-1-768x477.jpg 768w, https:\/\/www.eundg.ch\/innen-architekt\/wp-content\/uploads\/2025\/02\/Wohnen-1-1-50x31.jpg 50w, https:\/\/www.eundg.ch\/innen-architekt\/wp-content\/uploads\/2025\/02\/Wohnen-1-1-1600x994.jpg 1600w, https:\/\/www.eundg.ch\/innen-architekt\/wp-content\/uploads\/2025\/02\/Wohnen-1-1-1536x954.jpg 1536w, https:\/\/www.eundg.ch\/innen-architekt\/wp-content\/uploads\/2025\/02\/Wohnen-1-1-2048x1272.jpg 2048w\" sizes=\"auto, (max-width: 1024px) 100vw, 1024px\" \/><\/figure>\n","protected":false},"excerpt":{"rendered":"<p>Ftan Mit einer neuen Erschliessung zum Stallteil und dem R\u00fcckbau des bestehenden Wohnhauses, werden hier eine grosse, preiswerte Mietwohnung f\u00fcr eine einheimische Familie und zwei Ferienwohnungen an bester Lage in Ftan geschaffen. Vn\u00e0 Vn\u00e0 ist die stille K\u00f6nigin im Unterengadin und gleichzeitig Basis f\u00fcr wunderbare Exkursionen aller Art. In einem bis vor kurzer Zeit noch [&hellip;]<\/p>\n","protected":false},"author":2,"featured_media":1251,"parent":0,"menu_order":0,"comment_status":"closed","ping_status":"closed","template":"","meta":{"footnotes":""},"class_list":["post-2036","page","type-page","status-publish","has-post-thumbnail","hentry"],"yoast_head":"<!-- This site is optimized with the Yoast SEO plugin v27.4 - https:\/\/yoast.com\/product\/yoast-seo-wordpress\/ -->\n<title>Work in progress - eundg<\/title>\n<meta name=\"description\" content=\"In der Auseinandersetzung mit dem Bestand und der sorgf\u00e4ltigen Abkl\u00e4rung des Bedarfes entsteht eine Idee, welche wir zu einem schl\u00fcssigen Projekt verdichten.\" \/>\n<meta name=\"robots\" content=\"index, follow, max-snippet:-1, max-image-preview:large, max-video-preview:-1\" \/>\n<link rel=\"canonical\" href=\"https:\/\/www.eundg.ch\/innen-architekt\/work-in-progress\/\" \/>\n<meta property=\"og:locale\" content=\"en_US\" \/>\n<meta property=\"og:type\" content=\"article\" \/>\n<meta property=\"og:title\" content=\"Work in progress - eundg\" \/>\n<meta property=\"og:description\" content=\"In der Auseinandersetzung mit dem Bestand und der sorgf\u00e4ltigen Abkl\u00e4rung des Bedarfes entsteht eine Idee, welche wir zu einem schl\u00fcssigen Projekt verdichten.\" \/>\n<meta property=\"og:url\" content=\"https:\/\/www.eundg.ch\/innen-architekt\/work-in-progress\/\" \/>\n<meta property=\"og:site_name\" content=\"eundg\" \/>\n<meta property=\"article:modified_time\" content=\"2026-01-16T11:04:27+00:00\" \/>\n<meta property=\"og:image\" content=\"https:\/\/www.eundg.ch\/innen-architekt\/wp-content\/uploads\/2021\/04\/Ftan.jpg\" \/>\n\t<meta property=\"og:image:width\" content=\"1707\" \/>\n\t<meta property=\"og:image:height\" content=\"1280\" \/>\n\t<meta property=\"og:image:type\" content=\"image\/jpeg\" \/>\n<meta name=\"twitter:card\" content=\"summary_large_image\" \/>\n<meta name=\"twitter:label1\" content=\"Est. reading time\" \/>\n\t<meta name=\"twitter:data1\" content=\"2 minutes\" \/>\n<script type=\"application\/ld+json\" class=\"yoast-schema-graph\">{\"@context\":\"https:\\\/\\\/schema.org\",\"@graph\":[{\"@type\":\"WebPage\",\"@id\":\"https:\\\/\\\/www.eundg.ch\\\/innen-architekt\\\/work-in-progress\\\/\",\"url\":\"https:\\\/\\\/www.eundg.ch\\\/innen-architekt\\\/work-in-progress\\\/\",\"name\":\"Work in progress - eundg\",\"isPartOf\":{\"@id\":\"https:\\\/\\\/www.eundg.ch\\\/innen-architekt\\\/#website\"},\"primaryImageOfPage\":{\"@id\":\"https:\\\/\\\/www.eundg.ch\\\/innen-architekt\\\/work-in-progress\\\/#primaryimage\"},\"image\":{\"@id\":\"https:\\\/\\\/www.eundg.ch\\\/innen-architekt\\\/work-in-progress\\\/#primaryimage\"},\"thumbnailUrl\":\"https:\\\/\\\/www.eundg.ch\\\/innen-architekt\\\/wp-content\\\/uploads\\\/2021\\\/04\\\/Ftan.jpg\",\"datePublished\":\"2025-02-17T13:55:43+00:00\",\"dateModified\":\"2026-01-16T11:04:27+00:00\",\"description\":\"In der Auseinandersetzung mit dem Bestand und der sorgf\u00e4ltigen Abkl\u00e4rung des Bedarfes entsteht eine Idee, welche wir zu einem schl\u00fcssigen Projekt verdichten.\",\"breadcrumb\":{\"@id\":\"https:\\\/\\\/www.eundg.ch\\\/innen-architekt\\\/work-in-progress\\\/#breadcrumb\"},\"inLanguage\":\"en-US\",\"potentialAction\":[{\"@type\":\"ReadAction\",\"target\":[\"https:\\\/\\\/www.eundg.ch\\\/innen-architekt\\\/work-in-progress\\\/\"]}]},{\"@type\":\"ImageObject\",\"inLanguage\":\"en-US\",\"@id\":\"https:\\\/\\\/www.eundg.ch\\\/innen-architekt\\\/work-in-progress\\\/#primaryimage\",\"url\":\"https:\\\/\\\/www.eundg.ch\\\/innen-architekt\\\/wp-content\\\/uploads\\\/2021\\\/04\\\/Ftan.jpg\",\"contentUrl\":\"https:\\\/\\\/www.eundg.ch\\\/innen-architekt\\\/wp-content\\\/uploads\\\/2021\\\/04\\\/Ftan.jpg\",\"width\":1707,\"height\":1280},{\"@type\":\"BreadcrumbList\",\"@id\":\"https:\\\/\\\/www.eundg.ch\\\/innen-architekt\\\/work-in-progress\\\/#breadcrumb\",\"itemListElement\":[{\"@type\":\"ListItem\",\"position\":1,\"name\":\"Start\",\"item\":\"https:\\\/\\\/www.eundg.ch\\\/innen-architekt\\\/\"},{\"@type\":\"ListItem\",\"position\":2,\"name\":\"Work in progress\"}]},{\"@type\":\"WebSite\",\"@id\":\"https:\\\/\\\/www.eundg.ch\\\/innen-architekt\\\/#website\",\"url\":\"https:\\\/\\\/www.eundg.ch\\\/innen-architekt\\\/\",\"name\":\"eundg\",\"description\":\"Umbauen im Bestand\",\"publisher\":{\"@id\":\"https:\\\/\\\/www.eundg.ch\\\/innen-architekt\\\/#organization\"},\"potentialAction\":[{\"@type\":\"SearchAction\",\"target\":{\"@type\":\"EntryPoint\",\"urlTemplate\":\"https:\\\/\\\/www.eundg.ch\\\/innen-architekt\\\/?s={search_term_string}\"},\"query-input\":{\"@type\":\"PropertyValueSpecification\",\"valueRequired\":true,\"valueName\":\"search_term_string\"}}],\"inLanguage\":\"en-US\"},{\"@type\":\"Organization\",\"@id\":\"https:\\\/\\\/www.eundg.ch\\\/innen-architekt\\\/#organization\",\"name\":\"eundg\",\"url\":\"https:\\\/\\\/www.eundg.ch\\\/innen-architekt\\\/\",\"logo\":{\"@type\":\"ImageObject\",\"inLanguage\":\"en-US\",\"@id\":\"https:\\\/\\\/www.eundg.ch\\\/innen-architekt\\\/#\\\/schema\\\/logo\\\/image\\\/\",\"url\":\"https:\\\/\\\/www.eundg.ch\\\/innen-architekt\\\/wp-content\\\/uploads\\\/2025\\\/01\\\/Header-eundg-e1737406698453.jpg\",\"contentUrl\":\"https:\\\/\\\/www.eundg.ch\\\/innen-architekt\\\/wp-content\\\/uploads\\\/2025\\\/01\\\/Header-eundg-e1737406698453.jpg\",\"width\":158,\"height\":48,\"caption\":\"eundg\"},\"image\":{\"@id\":\"https:\\\/\\\/www.eundg.ch\\\/innen-architekt\\\/#\\\/schema\\\/logo\\\/image\\\/\"}}]}<\/script>\n<!-- \/ Yoast SEO plugin. -->","yoast_head_json":{"title":"Work in progress - eundg","description":"In der Auseinandersetzung mit dem Bestand und der sorgf\u00e4ltigen Abkl\u00e4rung des Bedarfes entsteht eine Idee, welche wir zu einem schl\u00fcssigen Projekt verdichten.","robots":{"index":"index","follow":"follow","max-snippet":"max-snippet:-1","max-image-preview":"max-image-preview:large","max-video-preview":"max-video-preview:-1"},"canonical":"https:\/\/www.eundg.ch\/innen-architekt\/work-in-progress\/","og_locale":"en_US","og_type":"article","og_title":"Work in progress - eundg","og_description":"In der Auseinandersetzung mit dem Bestand und der sorgf\u00e4ltigen Abkl\u00e4rung des Bedarfes entsteht eine Idee, welche wir zu einem schl\u00fcssigen Projekt verdichten.","og_url":"https:\/\/www.eundg.ch\/innen-architekt\/work-in-progress\/","og_site_name":"eundg","article_modified_time":"2026-01-16T11:04:27+00:00","og_image":[{"width":1707,"height":1280,"url":"https:\/\/www.eundg.ch\/innen-architekt\/wp-content\/uploads\/2021\/04\/Ftan.jpg","type":"image\/jpeg"}],"twitter_card":"summary_large_image","twitter_misc":{"Est. reading time":"2 minutes"},"schema":{"@context":"https:\/\/schema.org","@graph":[{"@type":"WebPage","@id":"https:\/\/www.eundg.ch\/innen-architekt\/work-in-progress\/","url":"https:\/\/www.eundg.ch\/innen-architekt\/work-in-progress\/","name":"Work in progress - eundg","isPartOf":{"@id":"https:\/\/www.eundg.ch\/innen-architekt\/#website"},"primaryImageOfPage":{"@id":"https:\/\/www.eundg.ch\/innen-architekt\/work-in-progress\/#primaryimage"},"image":{"@id":"https:\/\/www.eundg.ch\/innen-architekt\/work-in-progress\/#primaryimage"},"thumbnailUrl":"https:\/\/www.eundg.ch\/innen-architekt\/wp-content\/uploads\/2021\/04\/Ftan.jpg","datePublished":"2025-02-17T13:55:43+00:00","dateModified":"2026-01-16T11:04:27+00:00","description":"In der Auseinandersetzung mit dem Bestand und der sorgf\u00e4ltigen Abkl\u00e4rung des Bedarfes entsteht eine Idee, welche wir zu einem schl\u00fcssigen Projekt verdichten.","breadcrumb":{"@id":"https:\/\/www.eundg.ch\/innen-architekt\/work-in-progress\/#breadcrumb"},"inLanguage":"en-US","potentialAction":[{"@type":"ReadAction","target":["https:\/\/www.eundg.ch\/innen-architekt\/work-in-progress\/"]}]},{"@type":"ImageObject","inLanguage":"en-US","@id":"https:\/\/www.eundg.ch\/innen-architekt\/work-in-progress\/#primaryimage","url":"https:\/\/www.eundg.ch\/innen-architekt\/wp-content\/uploads\/2021\/04\/Ftan.jpg","contentUrl":"https:\/\/www.eundg.ch\/innen-architekt\/wp-content\/uploads\/2021\/04\/Ftan.jpg","width":1707,"height":1280},{"@type":"BreadcrumbList","@id":"https:\/\/www.eundg.ch\/innen-architekt\/work-in-progress\/#breadcrumb","itemListElement":[{"@type":"ListItem","position":1,"name":"Start","item":"https:\/\/www.eundg.ch\/innen-architekt\/"},{"@type":"ListItem","position":2,"name":"Work in progress"}]},{"@type":"WebSite","@id":"https:\/\/www.eundg.ch\/innen-architekt\/#website","url":"https:\/\/www.eundg.ch\/innen-architekt\/","name":"eundg","description":"Umbauen im Bestand","publisher":{"@id":"https:\/\/www.eundg.ch\/innen-architekt\/#organization"},"potentialAction":[{"@type":"SearchAction","target":{"@type":"EntryPoint","urlTemplate":"https:\/\/www.eundg.ch\/innen-architekt\/?s={search_term_string}"},"query-input":{"@type":"PropertyValueSpecification","valueRequired":true,"valueName":"search_term_string"}}],"inLanguage":"en-US"},{"@type":"Organization","@id":"https:\/\/www.eundg.ch\/innen-architekt\/#organization","name":"eundg","url":"https:\/\/www.eundg.ch\/innen-architekt\/","logo":{"@type":"ImageObject","inLanguage":"en-US","@id":"https:\/\/www.eundg.ch\/innen-architekt\/#\/schema\/logo\/image\/","url":"https:\/\/www.eundg.ch\/innen-architekt\/wp-content\/uploads\/2025\/01\/Header-eundg-e1737406698453.jpg","contentUrl":"https:\/\/www.eundg.ch\/innen-architekt\/wp-content\/uploads\/2025\/01\/Header-eundg-e1737406698453.jpg","width":158,"height":48,"caption":"eundg"},"image":{"@id":"https:\/\/www.eundg.ch\/innen-architekt\/#\/schema\/logo\/image\/"}}]}},"_links":{"self":[{"href":"https:\/\/www.eundg.ch\/innen-architekt\/wp-json\/wp\/v2\/pages\/2036","targetHints":{"allow":["GET"]}}],"collection":[{"href":"https:\/\/www.eundg.ch\/innen-architekt\/wp-json\/wp\/v2\/pages"}],"about":[{"href":"https:\/\/www.eundg.ch\/innen-architekt\/wp-json\/wp\/v2\/types\/page"}],"author":[{"embeddable":true,"href":"https:\/\/www.eundg.ch\/innen-architekt\/wp-json\/wp\/v2\/users\/2"}],"replies":[{"embeddable":true,"href":"https:\/\/www.eundg.ch\/innen-architekt\/wp-json\/wp\/v2\/comments?post=2036"}],"version-history":[{"count":7,"href":"https:\/\/www.eundg.ch\/innen-architekt\/wp-json\/wp\/v2\/pages\/2036\/revisions"}],"predecessor-version":[{"id":2065,"href":"https:\/\/www.eundg.ch\/innen-architekt\/wp-json\/wp\/v2\/pages\/2036\/revisions\/2065"}],"wp:featuredmedia":[{"embeddable":true,"href":"https:\/\/www.eundg.ch\/innen-architekt\/wp-json\/wp\/v2\/media\/1251"}],"wp:attachment":[{"href":"https:\/\/www.eundg.ch\/innen-architekt\/wp-json\/wp\/v2\/media?parent=2036"}],"curies":[{"name":"wp","href":"https:\/\/api.w.org\/{rel}","templated":true}]}}